{"id":1365,"date":"2023-07-21T11:59:23","date_gmt":"2023-07-21T09:59:23","guid":{"rendered":"https:\/\/imabrasivi.eu\/?post_type=product&#038;p=1365"},"modified":"2024-03-22T17:57:02","modified_gmt":"2024-03-22T15:57:02","slug":"gold-dischi-da-sbavo-a-scodella-su-macchine-portatili-ferro","status":"publish","type":"product","link":"https:\/\/imabrasivi.it\/es\/producto\/gold-dischi-da-sbavo-a-scodella-su-macchine-portatili-ferro\/","title":{"rendered":"GOLD \u2013 Discos abrasivos de vaso en m\u00e1quinas port\u00e1tiles <br>Hierro"},"content":{"rendered":"\t\t<div data-elementor-type=\"product-post\" data-elementor-id=\"1365\" class=\"elementor elementor-1365\" data-elementor-post-type=\"product\">\n\t\t\t\t\t\t<section class=\"elementor-section elementor-top-section elementor-element elementor-element-36edab06 elementor-section-boxed elementor-section-height-default elementor-section-height-default\" data-id=\"36edab06\" data-element_type=\"section\" data-e-type=\"section\" data-settings=\"{&quot;ekit_has_onepagescroll_dot&quot;:&quot;yes&quot;}\">\n\t\t\t\t\t\t<div class=\"elementor-container elementor-column-gap-default\">\n\t\t\t\t\t<div class=\"elementor-column elementor-col-100 elementor-top-column elementor-element elementor-element-a1ec50e\" data-id=\"a1ec50e\" data-element_type=\"column\" data-e-type=\"column\">\n\t\t\t<div class=\"elementor-widget-wrap elementor-element-populated\">\n\t\t\t\t\t\t<div class=\"elementor-element elementor-element-3ae35fca elementor-widget elementor-widget-shortcode\" data-id=\"3ae35fca\" data-element_type=\"widget\" data-e-type=\"widget\" data-settings=\"{&quot;ekit_we_effect_on&quot;:&quot;none&quot;}\" data-widget_type=\"shortcode.default\">\n\t\t\t\t<div class=\"elementor-widget-container\">\n\t\t\t\t\t\t\t<div class=\"elementor-shortcode\">\n<div class=\"wpdt-c wdt-skin-aqua\">\n    \n    <input type=\"hidden\" id=\"wdtNonceFrontendServerSide_21\" name=\"wdtNonceFrontendServerSide_21\" value=\"3ed09ba133\" \/><input type=\"hidden\" name=\"_wp_http_referer\" value=\"\/es\/wp-json\/wp\/v2\/product\/1365\" \/>    <input type=\"hidden\" id=\"table_1_desc\"\n           value='{\"tableId\":\"table_1\",\"tableType\":\"manual\",\"selector\":\"#table_1\",\"responsive\":true,\"responsiveAction\":\"row\",\"editable\":false,\"inlineEditing\":false,\"infoBlock\":false,\"pagination_top\":0,\"pagination\":0,\"paginationAlign\":\"right\",\"paginationLayout\":\"full_numbers\",\"paginationLayoutMobile\":\"simple\",\"file_location\":\"\",\"tableSkin\":\"aqua\",\"table_wcag\":0,\"simple_template_id\":0,\"scrollable\":false,\"fixedLayout\":true,\"globalSearch\":false,\"showRowsPerPage\":false,\"popoverTools\":false,\"loader\":\"1\",\"showCartInformation\":1,\"hideBeforeLoad\":false,\"number_format\":1,\"decimalPlaces\":2,\"spinnerSrc\":\"https:\\\/\\\/imabrasivi.it\\\/wp-content\\\/plugins\\\/wpdatatables\\\/assets\\\/\\\/img\\\/spinner.gif\",\"index_column\":0,\"groupingEnabled\":false,\"tableWpId\":21,\"dataTableParams\":{\"sDom\":\"BT\\u003C\\u0027clear\\u0027\\u003Et\",\"bSortCellsTop\":false,\"bFilter\":true,\"aLengthMenu\":[[1,5,10,25,50,100,-1],[1,5,10,25,50,100,\"All\"]],\"iDisplayLength\":-1,\"columnDefs\":[{\"sType\":\"formatted-num\",\"wdtType\":\"int\",\"bVisible\":false,\"orderable\":true,\"searchable\":true,\"InputType\":\"text\",\"name\":\"wdt_ID\",\"origHeader\":\"wdt_ID\",\"notNull\":false,\"conditionalFormattingRules\":[],\"transformValueRules\":\"\",\"className\":\"numdata integer  column-wdt_id\",\"aTargets\":[0]},{\"sType\":\"string\",\"wdtType\":\"string\",\"bVisible\":true,\"orderable\":true,\"searchable\":true,\"InputType\":\"text\",\"name\":\"misureaxbxc\",\"origHeader\":\"misureaxbxc\",\"notNull\":false,\"conditionalFormattingRules\":[],\"transformValueRules\":\"\",\"className\":\" column-misureaxbxc\",\"aTargets\":[1]},{\"sType\":\"string\",\"wdtType\":\"string\",\"bVisible\":true,\"orderable\":true,\"searchable\":true,\"InputType\":\"text\",\"name\":\"centropiano\",\"origHeader\":\"centropiano\",\"notNull\":false,\"conditionalFormattingRules\":[],\"transformValueRules\":\"\",\"className\":\" column-centropiano\",\"aTargets\":[2]},{\"sType\":\"string\",\"wdtType\":\"string\",\"bVisible\":true,\"orderable\":true,\"searchable\":true,\"InputType\":\"text\",\"name\":\"centrodepresso\",\"origHeader\":\"centrodepresso\",\"notNull\":false,\"conditionalFormattingRules\":[],\"transformValueRules\":\"\",\"className\":\" column-centrodepresso\",\"aTargets\":[3]},{\"sType\":\"string\",\"wdtType\":\"string\",\"bVisible\":true,\"orderable\":true,\"searchable\":true,\"InputType\":\"text\",\"name\":\"sptecniche\",\"origHeader\":\"sptecniche\",\"notNull\":false,\"conditionalFormattingRules\":[],\"transformValueRules\":\"\",\"className\":\" column-sptecniche\",\"aTargets\":[4]},{\"sType\":\"string\",\"wdtType\":\"string\",\"bVisible\":true,\"orderable\":true,\"searchable\":true,\"InputType\":\"text\",\"name\":\"velocitmaxrpmms\",\"origHeader\":\"velocitmaxrpmms\",\"notNull\":false,\"conditionalFormattingRules\":[],\"transformValueRules\":\"\",\"className\":\" column-velocitmaxrpmms\",\"aTargets\":[5]},{\"sType\":\"formatted-num\",\"wdtType\":\"int\",\"bVisible\":true,\"orderable\":true,\"searchable\":true,\"InputType\":\"text\",\"name\":\"pzperconfezioni\",\"origHeader\":\"pzperconfezioni\",\"notNull\":false,\"conditionalFormattingRules\":[],\"transformValueRules\":\"\",\"className\":\"numdata integer  column-pzperconfezioni\",\"aTargets\":[6]}],\"bAutoWidth\":false,\"order\":[[0,\"asc\"]],\"ordering\":false,\"fixedHeader\":{\"header\":false,\"headerOffset\":0},\"fixedColumns\":false,\"oLanguage\":{\"sEmptyTable\":\"Nessun dato presente nella tabella\",\"sInfo\":\"Vista da _START_ a _END_ di _TOTAL_ elementi\",\"sInfoEmpty\":\"Vista da 0 a 0 di 0 elementi\",\"sInfoFiltered\":\"(filtrati da _MAX_ elementi totali)\",\"sInfoPostFix\":\"\",\"sInfoThousands\":\",\",\"sLengthMenu\":\"Visualizza _MENU_ elementi\",\"sLoadingRecords\":\"Caricamento...\",\"sProcessing\":\"Elaborazione...\",\"sSearch\":\"\\u003Cspan class=\\u0022wdt-search-icon\\u0022\\u003E\\u003C\\\/span\\u003E\",\"sSearchPlaceholder\":\"Tabella di ricerca\",\"sZeroRecords\":\"La ricerca non ha portato alcun risultato.\",\"oPaginate\":{\"sFirst\":\"Inizio\",\"sPrevious\":\"Precedente\",\"sNext\":\"Successivo\",\"sLast\":\"Fine\"},\"oAria\":{\"sSortAscending\":\": attiva per ordinare la colonna in ordine crescente\",\"sSortDescending\":\": attiva per ordinare la colonna in ordine decrescente\"}},\"buttons\":[{\"extend\":\"collection\",\"className\":\"DTTT_button DTTT_button_export\",\"text\":\"Export\",\"buttons\":[{\"extend\":\"pdfHtml5\",\"exportOptions\":{\"columns\":\":visible\"},\"orientation\":\"landscape\",\"pageSize\":\"A4\",\"title\":\"GOLD \\u2013 Dischi da sbavo a centro depresso a scodella su macchine portatili - Ferro\",\"text\":\"PDF\"}]},{\"buttons\":[\"pageLength\"],\"className\":\"DTTT_button DTTT_button_spacer\",\"text\":\"Spacer\"}],\"bProcessing\":false,\"serverSide\":true,\"ajax\":{\"url\":\"https:\\\/\\\/imabrasivi.it\\\/wp-admin\\\/admin-ajax.php?action=get_wdtable&table_id=21\",\"type\":\"POST\"},\"oSearch\":{\"bSmart\":false,\"bRegex\":false,\"sSearch\":\"\"}},\"customRowDisplay\":\"\",\"tabletWidth\":\"1024\",\"mobileWidth\":\"480\",\"renderFilter\":\"footer\",\"advancedFilterEnabled\":false,\"serverSide\":true,\"autoRefreshInterval\":0,\"processing\":true,\"fnServerData\":true,\"columnsFixed\":0,\"sumFunctionsLabel\":\"\",\"avgFunctionsLabel\":\"\",\"minFunctionsLabel\":\"\",\"maxFunctionsLabel\":\"giorgio.vitale\",\"columnsDecimalPlaces\":{\"wdt_ID\":-1,\"misureaxbxc\":-1,\"centropiano\":-1,\"centrodepresso\":-1,\"sptecniche\":-1,\"velocitmaxrpmms\":-1,\"pzperconfezioni\":-1},\"columnsThousandsSeparator\":{\"wdt_ID\":0,\"pzperconfezioni\":1},\"sumColumns\":[],\"avgColumns\":[],\"sumAvgColumns\":[],\"timeFormat\":\"H:i\",\"datepickFormat\":\"dd\\\/mm\\\/yy\"}'\/>\n\n    <table id=\"table_1\"\n           class=\"  responsive display nowrap wdt-no-display data-t data-t wpDataTable wpDataTableID-21 \"\n           style=\"\"\n           data-described-by='table_1_desc'\n           data-wpdatatable_id=\"21\">\n        \n        <!-- Table header -->\n        \n<thead>\n<tr>\n                    <th\n                data-hide=\"phone,tablet\"        class=\"phone,tablet wdtheader sort numdata integer \"\n        style=\"\">        wdt_ID<\/th>        <th\n        data-class=\"expand\"                class=\" wdtheader sort \"\n        style=\"\">        MISURE A x B x C<\/th>        <th\n                data-hide=\"phone\"        class=\"phone wdtheader sort \"\n        style=\"\">        CENTRO PIANO<\/th>        <th\n                data-hide=\"phone\"        class=\"phone wdtheader sort \"\n        style=\"\">        CENTRO DEPRESSO A SCODELLA<\/th>        <th\n                data-hide=\"phone,tablet\"        class=\"phone,tablet wdtheader sort \"\n        style=\"\">        SP. TECNICHE<\/th>        <th\n                data-hide=\"phone,tablet\"        class=\"phone,tablet wdtheader sort \"\n        style=\"\">        VELOCIT\u00c0 MAX R.P.M.<\/th>        <th\n                data-hide=\"phone,tablet\"        class=\"phone,tablet wdtheader sort numdata integer \"\n        style=\"\">        PZ. PER CONFEZIONI<\/th>    <\/tr>\n<\/thead>\n        <!-- \/Table header -->\n\n        <!-- Table body -->\n        \n<tbody>\n<!-- Table body -->\n<div data-id=\"21\"\n     class=\"wdt-timeline-item wdt-timeline-table_1\"\n     style=\"\">\n    <div class=\"wdt-table-loader\">\n        <div class=\"wdt-table-loader-row wdt-table-loader-header\">\n            <div class=\"wdt-table-loader-header-cell wdt-animated-background\"><\/div>\n            <div class=\"wdt-table-loader-header-cell wdt-animated-background\"><\/div>\n            <div class=\"wdt-table-loader-header-cell wdt-animated-background\"><\/div>\n        <\/div>\n                    <div class=\"wdt-table-loader-row\">\n                <div class=\"wdt-table-loader-cell wdt-animated-background\"><\/div>\n                <div class=\"wdt-table-loader-cell wdt-animated-background\"><\/div>\n                <div class=\"wdt-table-loader-cell wdt-animated-background\"><\/div>\n            <\/div>\n                    <div class=\"wdt-table-loader-row\">\n                <div class=\"wdt-table-loader-cell wdt-animated-background\"><\/div>\n                <div class=\"wdt-table-loader-cell wdt-animated-background\"><\/div>\n                <div class=\"wdt-table-loader-cell wdt-animated-background\"><\/div>\n            <\/div>\n                    <div class=\"wdt-table-loader-row\">\n                <div class=\"wdt-table-loader-cell wdt-animated-background\"><\/div>\n                <div class=\"wdt-table-loader-cell wdt-animated-background\"><\/div>\n                <div class=\"wdt-table-loader-cell wdt-animated-background\"><\/div>\n            <\/div>\n                    <div class=\"wdt-table-loader-row\">\n                <div class=\"wdt-table-loader-cell wdt-animated-background\"><\/div>\n                <div class=\"wdt-table-loader-cell wdt-animated-background\"><\/div>\n                <div class=\"wdt-table-loader-cell wdt-animated-background\"><\/div>\n            <\/div>\n                    <div class=\"wdt-table-loader-row\">\n                <div class=\"wdt-table-loader-cell wdt-animated-background\"><\/div>\n                <div class=\"wdt-table-loader-cell wdt-animated-background\"><\/div>\n                <div class=\"wdt-table-loader-cell wdt-animated-background\"><\/div>\n            <\/div>\n                    <div class=\"wdt-table-loader-row\">\n                <div class=\"wdt-table-loader-cell wdt-animated-background\"><\/div>\n                <div class=\"wdt-table-loader-cell wdt-animated-background\"><\/div>\n                <div class=\"wdt-table-loader-cell wdt-animated-background\"><\/div>\n            <\/div>\n            <\/div>\n<\/div><!-- \/Table body -->\n                    <tr id=\"table_21_row_0\"\n            data-row-index=\"0\">\n                            <td style=\"\">1<\/td>\n                            <td style=\"\">115x7,0x22,23<\/td>\n                            <td style=\"\"><\/td>\n                            <td style=\"\">1157022F2CK<\/td>\n                            <td style=\"\">A24P<\/td>\n                            <td style=\"\">13.300<\/td>\n                            <td style=\"\">25<\/td>\n                    <\/tr>\n                            <tr id=\"table_21_row_1\"\n            data-row-index=\"1\">\n                            <td style=\"\">2<\/td>\n                            <td style=\"\">125x7,0x22,23<\/td>\n                            <td style=\"\"><\/td>\n                            <td style=\"\">1257022F2CK<\/td>\n                            <td style=\"\">A24P<\/td>\n                            <td style=\"\">12.250<\/td>\n                            <td style=\"\">25<\/td>\n                    <\/tr>\n                            <tr id=\"table_21_row_2\"\n            data-row-index=\"2\">\n                            <td style=\"\">3<\/td>\n                            <td style=\"\">150x7,0x22,23<\/td>\n                            <td style=\"\"><\/td>\n                            <td style=\"\">1507022F2CK<\/td>\n                            <td style=\"\">A24P<\/td>\n                            <td style=\"\">10.200<\/td>\n                            <td style=\"\">25<\/td>\n                    <\/tr>\n                            <tr id=\"table_21_row_3\"\n            data-row-index=\"3\">\n                            <td style=\"\">4<\/td>\n                            <td style=\"\">180x7,0x22,23<\/td>\n                            <td style=\"\"><\/td>\n                            <td style=\"\">1807022F2CK<\/td>\n                            <td style=\"\">A24P<\/td>\n                            <td style=\"\">8.500<\/td>\n                            <td style=\"\">25<\/td>\n                    <\/tr>\n                            <tr id=\"table_21_row_4\"\n            data-row-index=\"4\">\n                            <td style=\"\">5<\/td>\n                            <td style=\"\">230x7,0x22,23<\/td>\n                            <td style=\"\"><\/td>\n                            <td style=\"\">2307022F2CK<\/td>\n                            <td style=\"\">A24P<\/td>\n                            <td style=\"\">6.650<\/td>\n                            <td style=\"\">20<\/td>\n                    <\/tr>\n            <\/tbody>        <!-- \/Table body -->\n\n        <!-- Table footer -->\n        \n        <!-- \/Table footer -->\n    <\/table>\n\n<\/div><style>\n\n#table_1 > tbody > tr > td.column-misureaxbxc { text-align: center !important; }\n#table_1 > thead > tr > th.column-misureaxbxc { text-align: center !important; }\n#table_1 > tbody > tr > td.column-centropiano { text-align: center !important; }\n#table_1 > thead > tr > th.column-centropiano { text-align: center !important; }\n#table_1 > tbody > tr > td.column-centrodepresso { text-align: center !important; }\n#table_1 > thead > tr > th.column-centrodepresso { text-align: center !important; }\n#table_1 > tbody > tr > td.column-sptecniche { text-align: center !important; }\n#table_1 > thead > tr > th.column-sptecniche { text-align: center !important; }\n#table_1 > tbody > tr > td.column-velocitmaxrpmms { text-align: center !important; }\n#table_1 > thead > tr > th.column-velocitmaxrpmms { text-align: center !important; }\n#table_1 > tbody > tr > td.column-pzperconfezioni { text-align: center !important; }\n#table_1 > thead > tr > th.column-pzperconfezioni { text-align: center !important; }table.wpDataTable { table-layout: fixed !important; }\n<\/style>\n<style>\n                    \n                                                                                                \n                <\/style>\n<style>\n<\/style>\n<style>\n                            \n        \/* odd rows background color *\/\n    .wpdt-c.wpDataTablesWrapper table#wpdtSimpleTable-21 tr.odd td,\n    .wpdt-c .wpDataTablesWrapper table.wpDataTable.wpDataTableID-21 tr.odd td {\n        background-color: #E1E1E1 !important;\n    }\n\n                                        \n                    \n<\/style>\n<\/div>\n\t\t\t\t\t\t<\/div>\n\t\t\t\t<\/div>\n\t\t\t\t\t<\/div>\n\t\t<\/div>\n\t\t\t\t\t<\/div>\n\t\t<\/section>\n\t\t\t\t<\/div>\n\t\t","protected":false},"excerpt":{"rendered":"<p>Discos abrasivos en m\u00e1quinas port\u00e1tiles<br \/>\nIdeal para trabajar en grandes superficies planas y angulares. La forma particular del disco, comparada con la de una muela cl\u00e1sica, permite al operador mantener la amoladora menos inclinada durante el uso, aumentando la comodidad de trabajo. Adem\u00e1s, la mayor superficie de contacto entre el material y el disco aumenta la capacidad de eliminaci\u00f3n.<\/p>","protected":false},"featured_media":3570,"template":"","meta":[],"product_brand":[],"product_cat":[52,49],"product_tag":[148],"class_list":{"0":"post-1365","1":"product","2":"type-product","3":"status-publish","4":"has-post-thumbnail","6":"product_cat-dischi-da-sbavo","7":"product_cat-gold","8":"product_tag-gold-ferro","9":"pa_applicazioni-ferro","10":"pa_categorie-gold","11":"pa_disco-disco-da-sbavo","12":"pa_macchine-smerigliatrice-angolare","13":"pa_utilizza-sbavo","15":"first","16":"instock","17":"shipping-taxable","18":"purchasable","19":"product-type-simple"},"_links":{"self":[{"href":"https:\/\/imabrasivi.it\/es\/wp-json\/wp\/v2\/product\/1365","targetHints":{"allow":["GET"]}}],"collection":[{"href":"https:\/\/imabrasivi.it\/es\/wp-json\/wp\/v2\/product"}],"about":[{"href":"https:\/\/imabrasivi.it\/es\/wp-json\/wp\/v2\/types\/product"}],"version-history":[{"count":5,"href":"https:\/\/imabrasivi.it\/es\/wp-json\/wp\/v2\/product\/1365\/revisions"}],"predecessor-version":[{"id":1372,"href":"https:\/\/imabrasivi.it\/es\/wp-json\/wp\/v2\/product\/1365\/revisions\/1372"}],"wp:featuredmedia":[{"embeddable":true,"href":"https:\/\/imabrasivi.it\/es\/wp-json\/wp\/v2\/media\/3570"}],"wp:attachment":[{"href":"https:\/\/imabrasivi.it\/es\/wp-json\/wp\/v2\/media?parent=1365"}],"wp:term":[{"taxonomy":"product_brand","embeddable":true,"href":"https:\/\/imabrasivi.it\/es\/wp-json\/wp\/v2\/product_brand?post=1365"},{"taxonomy":"product_cat","embeddable":true,"href":"https:\/\/imabrasivi.it\/es\/wp-json\/wp\/v2\/product_cat?post=1365"},{"taxonomy":"product_tag","embeddable":true,"href":"https:\/\/imabrasivi.it\/es\/wp-json\/wp\/v2\/product_tag?post=1365"}],"curies":[{"name":"wp","href":"https:\/\/api.w.org\/{rel}","templated":true}]}}