{"id":1569,"date":"2023-07-24T15:47:25","date_gmt":"2023-07-24T13:47:25","guid":{"rendered":"https:\/\/imabrasivi.eu\/?post_type=product&#038;p=1569"},"modified":"2023-09-20T12:13:05","modified_gmt":"2023-09-20T10:13:05","slug":"lamellari-dischi-lamellari-con-supporto-in-nylon-zirconio-zlnp-115-plus-m14","status":"publish","type":"product","link":"https:\/\/imabrasivi.it\/es\/producto\/lamellari-dischi-lamellari-con-supporto-in-nylon-zirconio-zlnp-115-plus-m14\/","title":{"rendered":"FLAP \u2013 Discos de l\u00e1minas con soporte de nailon <br> Circonio ZLNP 115 plus M14"},"content":{"rendered":"\t\t<div data-elementor-type=\"product-post\" data-elementor-id=\"1569\" class=\"elementor elementor-1569\" data-elementor-post-type=\"product\">\n\t\t\t\t\t\t<section class=\"elementor-section elementor-top-section elementor-element elementor-element-36edab06 elementor-section-boxed elementor-section-height-default elementor-section-height-default\" data-id=\"36edab06\" data-element_type=\"section\" data-e-type=\"section\" data-settings=\"{&quot;ekit_has_onepagescroll_dot&quot;:&quot;yes&quot;}\">\n\t\t\t\t\t\t<div class=\"elementor-container elementor-column-gap-default\">\n\t\t\t\t\t<div class=\"elementor-column elementor-col-100 elementor-top-column elementor-element elementor-element-a1ec50e\" data-id=\"a1ec50e\" data-element_type=\"column\" data-e-type=\"column\">\n\t\t\t<div class=\"elementor-widget-wrap elementor-element-populated\">\n\t\t\t\t\t\t<div class=\"elementor-element elementor-element-3ae35fca elementor-widget elementor-widget-shortcode\" data-id=\"3ae35fca\" data-element_type=\"widget\" data-e-type=\"widget\" data-settings=\"{&quot;ekit_we_effect_on&quot;:&quot;none&quot;}\" data-widget_type=\"shortcode.default\">\n\t\t\t\t<div class=\"elementor-widget-container\">\n\t\t\t\t\t\t\t<div class=\"elementor-shortcode\">\n<div class=\"wpdt-c wdt-skin-aqua\">\n    \n    <input type=\"hidden\" id=\"wdtNonceFrontendServerSide_56\" name=\"wdtNonceFrontendServerSide_56\" value=\"4d8626a96f\" \/><input type=\"hidden\" name=\"_wp_http_referer\" value=\"\/es\/wp-json\/wp\/v2\/product\/1569\" \/>    <input type=\"hidden\" id=\"table_1_desc\"\n           value='{\"tableId\":\"table_1\",\"tableType\":\"manual\",\"selector\":\"#table_1\",\"responsive\":true,\"responsiveAction\":\"row\",\"editable\":false,\"inlineEditing\":false,\"infoBlock\":false,\"pagination_top\":0,\"pagination\":0,\"paginationAlign\":\"right\",\"paginationLayout\":\"full_numbers\",\"paginationLayoutMobile\":\"simple\",\"file_location\":\"\",\"tableSkin\":\"aqua\",\"table_wcag\":0,\"simple_template_id\":0,\"scrollable\":false,\"fixedLayout\":true,\"globalSearch\":false,\"showRowsPerPage\":false,\"popoverTools\":false,\"loader\":\"1\",\"showCartInformation\":1,\"hideBeforeLoad\":false,\"number_format\":1,\"decimalPlaces\":2,\"spinnerSrc\":\"https:\\\/\\\/imabrasivi.it\\\/wp-content\\\/plugins\\\/wpdatatables\\\/assets\\\/\\\/img\\\/spinner.gif\",\"index_column\":0,\"groupingEnabled\":false,\"tableWpId\":56,\"dataTableParams\":{\"sDom\":\"BT\\u003C\\u0027clear\\u0027\\u003Et\",\"bSortCellsTop\":false,\"bFilter\":true,\"aLengthMenu\":[[1,5,10,25,50,100,-1],[1,5,10,25,50,100,\"All\"]],\"iDisplayLength\":-1,\"columnDefs\":[{\"sType\":\"formatted-num\",\"wdtType\":\"int\",\"bVisible\":false,\"orderable\":true,\"searchable\":true,\"InputType\":\"text\",\"name\":\"wdt_ID\",\"origHeader\":\"wdt_ID\",\"notNull\":false,\"conditionalFormattingRules\":[],\"transformValueRules\":\"\",\"className\":\"numdata integer  column-wdt_id\",\"aTargets\":[0]},{\"sType\":\"string\",\"wdtType\":\"string\",\"bVisible\":true,\"orderable\":true,\"searchable\":true,\"InputType\":\"text\",\"name\":\"misureaxbxc\",\"origHeader\":\"misureaxbxc\",\"notNull\":false,\"conditionalFormattingRules\":[],\"transformValueRules\":\"\",\"className\":\" column-misureaxbxc\",\"aTargets\":[1]},{\"sType\":\"string\",\"wdtType\":\"string\",\"bVisible\":true,\"orderable\":true,\"searchable\":true,\"InputType\":\"text\",\"name\":\"centropiano\",\"origHeader\":\"centropiano\",\"notNull\":false,\"conditionalFormattingRules\":[],\"transformValueRules\":\"\",\"className\":\" column-centropiano\",\"aTargets\":[2]},{\"sType\":\"string\",\"wdtType\":\"string\",\"bVisible\":true,\"orderable\":true,\"searchable\":true,\"InputType\":\"text\",\"name\":\"centrodepresso\",\"origHeader\":\"centrodepresso\",\"notNull\":false,\"conditionalFormattingRules\":[],\"transformValueRules\":\"\",\"className\":\" column-centrodepresso\",\"aTargets\":[3]},{\"sType\":\"string\",\"wdtType\":\"string\",\"bVisible\":true,\"orderable\":true,\"searchable\":true,\"InputType\":\"text\",\"name\":\"velocitmaxrpmms\",\"origHeader\":\"velocitmaxrpmms\",\"notNull\":false,\"conditionalFormattingRules\":[],\"transformValueRules\":\"\",\"className\":\" column-velocitmaxrpmms\",\"aTargets\":[4]},{\"sType\":\"string\",\"wdtType\":\"string\",\"bVisible\":true,\"orderable\":true,\"searchable\":true,\"InputType\":\"text\",\"name\":\"pzperconfezioni\",\"origHeader\":\"pzperconfezioni\",\"notNull\":false,\"conditionalFormattingRules\":[],\"transformValueRules\":\"\",\"className\":\" column-pzperconfezioni\",\"aTargets\":[5]}],\"bAutoWidth\":false,\"order\":[[0,\"asc\"]],\"ordering\":false,\"fixedHeader\":{\"header\":false,\"headerOffset\":0},\"fixedColumns\":false,\"oLanguage\":{\"sEmptyTable\":\"Nessun dato presente nella tabella\",\"sInfo\":\"Vista da _START_ a _END_ di _TOTAL_ elementi\",\"sInfoEmpty\":\"Vista da 0 a 0 di 0 elementi\",\"sInfoFiltered\":\"(filtrati da _MAX_ elementi totali)\",\"sInfoPostFix\":\"\",\"sInfoThousands\":\",\",\"sLengthMenu\":\"Visualizza _MENU_ elementi\",\"sLoadingRecords\":\"Caricamento...\",\"sProcessing\":\"Elaborazione...\",\"sSearch\":\"\\u003Cspan class=\\u0022wdt-search-icon\\u0022\\u003E\\u003C\\\/span\\u003E\",\"sSearchPlaceholder\":\"Tabella di ricerca\",\"sZeroRecords\":\"La ricerca non ha portato alcun risultato.\",\"oPaginate\":{\"sFirst\":\"Inizio\",\"sPrevious\":\"Precedente\",\"sNext\":\"Successivo\",\"sLast\":\"Fine\"},\"oAria\":{\"sSortAscending\":\": attiva per ordinare la colonna in ordine crescente\",\"sSortDescending\":\": attiva per ordinare la colonna in ordine decrescente\"}},\"buttons\":[{\"extend\":\"collection\",\"className\":\"DTTT_button DTTT_button_export\",\"text\":\"Export\",\"buttons\":[{\"extend\":\"pdfHtml5\",\"exportOptions\":{\"columns\":\":visible\"},\"orientation\":\"landscape\",\"pageSize\":\"A4\",\"title\":\"LAMELLARI \\u2013 Dischi lamellari con supporto in nylon - Zirconio ZLNP 115 plus M14\",\"text\":\"PDF\"}]},{\"buttons\":[\"pageLength\"],\"className\":\"DTTT_button DTTT_button_spacer\",\"text\":\"Spacer\"}],\"bProcessing\":false,\"serverSide\":true,\"ajax\":{\"url\":\"https:\\\/\\\/imabrasivi.it\\\/wp-admin\\\/admin-ajax.php?action=get_wdtable&table_id=56\",\"type\":\"POST\"},\"oSearch\":{\"bSmart\":false,\"bRegex\":false,\"sSearch\":\"\"}},\"customRowDisplay\":\"\",\"tabletWidth\":\"1024\",\"mobileWidth\":\"480\",\"renderFilter\":\"footer\",\"advancedFilterEnabled\":false,\"serverSide\":true,\"autoRefreshInterval\":0,\"processing\":true,\"fnServerData\":true,\"columnsFixed\":0,\"sumFunctionsLabel\":\"\",\"avgFunctionsLabel\":\"\",\"minFunctionsLabel\":\"\",\"maxFunctionsLabel\":\"giorgio.vitale\",\"columnsDecimalPlaces\":{\"wdt_ID\":-1,\"misureaxbxc\":-1,\"centropiano\":-1,\"centrodepresso\":-1,\"velocitmaxrpmms\":-1,\"pzperconfezioni\":-1},\"columnsThousandsSeparator\":{\"wdt_ID\":0},\"sumColumns\":[],\"avgColumns\":[],\"sumAvgColumns\":[],\"timeFormat\":\"H:i\",\"datepickFormat\":\"dd\\\/mm\\\/yy\"}'\/>\n\n    <table id=\"table_1\"\n           class=\"  responsive display nowrap wdt-no-display data-t data-t wpDataTable wpDataTableID-56 \"\n           style=\"\"\n           data-described-by='table_1_desc'\n           data-wpdatatable_id=\"56\">\n        \n        <!-- Table header -->\n        \n<thead>\n<tr>\n                    <th\n                data-hide=\"phone,tablet\"        class=\"phone,tablet wdtheader sort numdata integer \"\n        style=\"\">        wdt_ID<\/th>        <th\n        data-class=\"expand\"                class=\" wdtheader sort \"\n        style=\"\">        MISURE A x B<\/th>        <th\n                data-hide=\"phone\"        class=\"phone wdtheader sort \"\n        style=\"\">        CODICE<\/th>        <th\n                data-hide=\"phone\"        class=\"phone wdtheader sort \"\n        style=\"\">        GRANA<\/th>        <th\n                data-hide=\"phone,tablet\"        class=\"phone,tablet wdtheader sort \"\n        style=\"\">        VELOCIT\u00c0 MAX R.P.M.<\/th>        <th\n                data-hide=\"phone,tablet\"        class=\"phone,tablet wdtheader sort \"\n        style=\"\">        PZ. PER CONFEZIONI<\/th>    <\/tr>\n<\/thead>\n        <!-- \/Table header -->\n\n        <!-- Table body -->\n        \n<tbody>\n<!-- Table body -->\n<div data-id=\"56\"\n     class=\"wdt-timeline-item wdt-timeline-table_1\"\n     style=\"\">\n    <div class=\"wdt-table-loader\">\n        <div class=\"wdt-table-loader-row wdt-table-loader-header\">\n            <div class=\"wdt-table-loader-header-cell wdt-animated-background\"><\/div>\n            <div class=\"wdt-table-loader-header-cell wdt-animated-background\"><\/div>\n            <div class=\"wdt-table-loader-header-cell wdt-animated-background\"><\/div>\n        <\/div>\n                    <div class=\"wdt-table-loader-row\">\n                <div class=\"wdt-table-loader-cell wdt-animated-background\"><\/div>\n                <div class=\"wdt-table-loader-cell wdt-animated-background\"><\/div>\n                <div class=\"wdt-table-loader-cell wdt-animated-background\"><\/div>\n            <\/div>\n                    <div class=\"wdt-table-loader-row\">\n                <div class=\"wdt-table-loader-cell wdt-animated-background\"><\/div>\n                <div class=\"wdt-table-loader-cell wdt-animated-background\"><\/div>\n                <div class=\"wdt-table-loader-cell wdt-animated-background\"><\/div>\n            <\/div>\n                    <div class=\"wdt-table-loader-row\">\n                <div class=\"wdt-table-loader-cell wdt-animated-background\"><\/div>\n                <div class=\"wdt-table-loader-cell wdt-animated-background\"><\/div>\n                <div class=\"wdt-table-loader-cell wdt-animated-background\"><\/div>\n            <\/div>\n                    <div class=\"wdt-table-loader-row\">\n                <div class=\"wdt-table-loader-cell wdt-animated-background\"><\/div>\n                <div class=\"wdt-table-loader-cell wdt-animated-background\"><\/div>\n                <div class=\"wdt-table-loader-cell wdt-animated-background\"><\/div>\n            <\/div>\n                    <div class=\"wdt-table-loader-row\">\n                <div class=\"wdt-table-loader-cell wdt-animated-background\"><\/div>\n                <div class=\"wdt-table-loader-cell wdt-animated-background\"><\/div>\n                <div class=\"wdt-table-loader-cell wdt-animated-background\"><\/div>\n            <\/div>\n            <\/div>\n<\/div><!-- \/Table body -->\n                    <tr id=\"table_56_row_0\"\n            data-row-index=\"0\">\n                            <td style=\"\">1<\/td>\n                            <td style=\"\">115xM14<\/td>\n                            <td style=\"\">ZLNP11540M14<\/td>\n                            <td style=\"\">40<\/td>\n                            <td style=\"\">13.000<\/td>\n                            <td style=\"\">20<\/td>\n                    <\/tr>\n                            <tr id=\"table_56_row_1\"\n            data-row-index=\"1\">\n                            <td style=\"\">2<\/td>\n                            <td style=\"\">115xM14<\/td>\n                            <td style=\"\">ZLNP11560M14<\/td>\n                            <td style=\"\">60<\/td>\n                            <td style=\"\">13.000<\/td>\n                            <td style=\"\">20<\/td>\n                    <\/tr>\n                            <tr id=\"table_56_row_2\"\n            data-row-index=\"2\">\n                            <td style=\"\">3<\/td>\n                            <td style=\"\">115xM14<\/td>\n                            <td style=\"\">ZLNP11580M14<\/td>\n                            <td style=\"\">80<\/td>\n                            <td style=\"\">13.000<\/td>\n                            <td style=\"\">20<\/td>\n                    <\/tr>\n                            <tr id=\"table_56_row_3\"\n            data-row-index=\"3\">\n                            <td style=\"\">4<\/td>\n                            <td style=\"\">115xM14<\/td>\n                            <td style=\"\">ZLNP115120M14<\/td>\n                            <td style=\"\">120<\/td>\n                            <td style=\"\">13.000<\/td>\n                            <td style=\"\">20<\/td>\n                    <\/tr>\n            <\/tbody>        <!-- \/Table body -->\n\n        <!-- Table footer -->\n        \n        <!-- \/Table footer -->\n    <\/table>\n\n<\/div><style>\n\n#table_1 > tbody > tr > td.column-misureaxbxc { text-align: center !important; }\n#table_1 > thead > tr > th.column-misureaxbxc { text-align: center !important; }\n#table_1 > tbody > tr > td.column-centropiano { text-align: center !important; }\n#table_1 > thead > tr > th.column-centropiano { text-align: center !important; }\n#table_1 > tbody > tr > td.column-centrodepresso { text-align: center !important; }\n#table_1 > thead > tr > th.column-centrodepresso { text-align: center !important; }\n#table_1 > tbody > tr > td.column-velocitmaxrpmms { text-align: center !important; }\n#table_1 > thead > tr > th.column-velocitmaxrpmms { text-align: center !important; }\n#table_1 > tbody > tr > td.column-pzperconfezioni { text-align: center !important; }\n#table_1 > thead > tr > th.column-pzperconfezioni { text-align: center !important; }table.wpDataTable { table-layout: fixed !important; }\n<\/style>\n<style>\n                    \n                                                                                                \n                <\/style>\n<style>\n<\/style>\n<style>\n                            \n        \/* odd rows background color *\/\n    .wpdt-c.wpDataTablesWrapper table#wpdtSimpleTable-56 tr.odd td,\n    .wpdt-c .wpDataTablesWrapper table.wpDataTable.wpDataTableID-56 tr.odd td {\n        background-color: #E1E1E1 !important;\n    }\n\n                                        \n                    \n<\/style>\n<\/div>\n\t\t\t\t\t\t<\/div>\n\t\t\t\t<\/div>\n\t\t\t\t\t<\/div>\n\t\t<\/div>\n\t\t\t\t\t<\/div>\n\t\t<\/section>\n\t\t\t\t<\/div>\n\t\t","protected":false},"excerpt":{"rendered":"<p style=\"text-align: justify;\">Discos de l\u00e1minas con soporte de nailon.<\/p>\n<p style=\"text-align: justify;\">Inconel, acero inoxidable, acero de alta resistencia, acero de alta aleaci\u00f3n, cromo, aluminio, titanio, materiales muy duros o revestimientos dif\u00edciles de mecanizar.<\/p>\n<p><a href=\"https:\/\/imabrasivi.eu\/wp-content\/uploads\/2023\/07\/HQ-Densita-alta-lamelle.jpg\"><img decoding=\"async\" class=\"alignnone size-full wp-image-1560\" src=\"https:\/\/imabrasivi.eu\/wp-content\/uploads\/2023\/07\/HQ-Densita-alta-lamelle.jpg\" alt=\"\" width=\"35\" height=\"26\" \/><\/a> Densidad de l\u00e1minas: <strong>Alto<\/strong><br \/>\n<a href=\"https:\/\/imabrasivi.eu\/wp-content\/uploads\/2023\/07\/HQ-Qualita-alta-tela.jpg\"><img decoding=\"async\" class=\"alignnone size-full wp-image-1563\" src=\"https:\/\/imabrasivi.eu\/wp-content\/uploads\/2023\/07\/HQ-Qualita-alta-tela.jpg\" alt=\"\" width=\"35\" height=\"26\" \/><\/a> Tipo de lienzo: <strong>Alta calidad<\/strong><\/p>\n<p style=\"text-align: justify;\">El \u00e1ngulo de incidencia entre la m\u00e1quina y la superficie debe adaptarse a la forma del disco de l\u00e1minas utilizado. Cada disco de l\u00e1minas funcionar\u00e1 mejor para la siguiente aplicaci\u00f3n. (1-2)<\/p>\n<p style=\"text-align: justify;\"><a href=\"https:\/\/imabrasivi.eu\/wp-content\/uploads\/2023\/07\/Angolo-incidenza-15.jpg\"><img decoding=\"async\" class=\"alignnone size-full wp-image-1547\" src=\"https:\/\/imabrasivi.eu\/wp-content\/uploads\/2023\/07\/Angolo-incidenza-15.jpg\" alt=\"\" width=\"141\" height=\"64\" \/><\/a><br \/>\n<strong>Se utiliza principalmente sobre una superficie plana. Ideal para lijar.<\/strong><\/p>\n<p style=\"text-align: justify;\"><a href=\"https:\/\/imabrasivi.eu\/wp-content\/uploads\/2023\/07\/Angolo-incidenza-15-30.jpg\"><img loading=\"lazy\" decoding=\"async\" class=\"alignnone size-full wp-image-1548\" src=\"https:\/\/imabrasivi.eu\/wp-content\/uploads\/2023\/07\/Angolo-incidenza-15-30.jpg\" alt=\"\" width=\"141\" height=\"64\" \/><\/a><br \/>\n<strong>\u00d3ptimo para superficies perfiladas y pulido de bordes. Mayor remoci\u00f3n de material en superficies planas. Ideal para retirar material pesado.<\/strong><\/p>","protected":false},"featured_media":1570,"template":"","meta":[],"product_brand":[],"product_cat":[59,60],"product_tag":[166],"class_list":{"0":"post-1569","1":"product","2":"type-product","3":"status-publish","4":"has-post-thumbnail","6":"product_cat-lamellari","7":"product_cat-nylon","8":"product_tag-lamellari-zirconio","9":"pa_applicazioni-acciaio-inox","10":"pa_applicazioni-ferro","11":"pa_categorie-lamellari","12":"pa_disco-disco-lamellare","13":"pa_macchine-smerigliatrice-angolare","14":"pa_utilizza-levigatrice","16":"first","17":"instock","18":"shipping-taxable","19":"purchasable","20":"product-type-simple"},"_links":{"self":[{"href":"https:\/\/imabrasivi.it\/es\/wp-json\/wp\/v2\/product\/1569","targetHints":{"allow":["GET"]}}],"collection":[{"href":"https:\/\/imabrasivi.it\/es\/wp-json\/wp\/v2\/product"}],"about":[{"href":"https:\/\/imabrasivi.it\/es\/wp-json\/wp\/v2\/types\/product"}],"version-history":[{"count":4,"href":"https:\/\/imabrasivi.it\/es\/wp-json\/wp\/v2\/product\/1569\/revisions"}],"predecessor-version":[{"id":1608,"href":"https:\/\/imabrasivi.it\/es\/wp-json\/wp\/v2\/product\/1569\/revisions\/1608"}],"wp:featuredmedia":[{"embeddable":true,"href":"https:\/\/imabrasivi.it\/es\/wp-json\/wp\/v2\/media\/1570"}],"wp:attachment":[{"href":"https:\/\/imabrasivi.it\/es\/wp-json\/wp\/v2\/media?parent=1569"}],"wp:term":[{"taxonomy":"product_brand","embeddable":true,"href":"https:\/\/imabrasivi.it\/es\/wp-json\/wp\/v2\/product_brand?post=1569"},{"taxonomy":"product_cat","embeddable":true,"href":"https:\/\/imabrasivi.it\/es\/wp-json\/wp\/v2\/product_cat?post=1569"},{"taxonomy":"product_tag","embeddable":true,"href":"https:\/\/imabrasivi.it\/es\/wp-json\/wp\/v2\/product_tag?post=1569"}],"curies":[{"name":"wp","href":"https:\/\/api.w.org\/{rel}","templated":true}]}}