{"id":1703,"date":"2023-07-25T12:16:19","date_gmt":"2023-07-25T10:16:19","guid":{"rendered":"https:\/\/imabrasivi.eu\/?post_type=product&#038;p=1703"},"modified":"2024-10-22T15:55:43","modified_gmt":"2024-10-22T13:55:43","slug":"satinatura-e-lucidatura-dischi-in-polifibra-su-supporto-rigido-in-fibra-di-vetro-acciaio-plastica-pietra-legno","status":"publish","type":"product","link":"https:\/\/imabrasivi.it\/es\/producto\/satinatura-e-lucidatura-dischi-in-polifibra-su-supporto-rigido-in-fibra-di-vetro-acciaio-plastica-pietra-legno\/","title":{"rendered":"SATINADO Y PULIDO \u2013 Discos de polifibra sobre soporte r\u00edgido de fibra de vidrio <br> Acero \u2013 Pl\u00e1stico \u2013 Piedra \u2013 Madera"},"content":{"rendered":"\t\t<div data-elementor-type=\"product-post\" data-elementor-id=\"1703\" class=\"elementor elementor-1703\" data-elementor-post-type=\"product\">\n\t\t\t\t\t\t<section class=\"elementor-section elementor-top-section elementor-element elementor-element-36edab06 elementor-section-boxed elementor-section-height-default elementor-section-height-default\" data-id=\"36edab06\" data-element_type=\"section\" data-e-type=\"section\" data-settings=\"{&quot;ekit_has_onepagescroll_dot&quot;:&quot;yes&quot;}\">\n\t\t\t\t\t\t<div class=\"elementor-container elementor-column-gap-default\">\n\t\t\t\t\t<div class=\"elementor-column elementor-col-100 elementor-top-column elementor-element elementor-element-a1ec50e\" data-id=\"a1ec50e\" data-element_type=\"column\" data-e-type=\"column\">\n\t\t\t<div class=\"elementor-widget-wrap elementor-element-populated\">\n\t\t\t\t\t\t<div class=\"elementor-element elementor-element-3ae35fca elementor-widget elementor-widget-shortcode\" data-id=\"3ae35fca\" data-element_type=\"widget\" data-e-type=\"widget\" data-settings=\"{&quot;ekit_we_effect_on&quot;:&quot;none&quot;}\" data-widget_type=\"shortcode.default\">\n\t\t\t\t<div class=\"elementor-widget-container\">\n\t\t\t\t\t\t\t<div class=\"elementor-shortcode\">\n<div class=\"wpdt-c wdt-skin-aqua\">\n    \n    <input type=\"hidden\" id=\"wdtNonceFrontendServerSide_76\" name=\"wdtNonceFrontendServerSide_76\" value=\"d81209fef5\" \/><input type=\"hidden\" name=\"_wp_http_referer\" value=\"\/es\/wp-json\/wp\/v2\/product\/1703\" \/>    <input type=\"hidden\" id=\"table_1_desc\"\n           value='{\"tableId\":\"table_1\",\"tableType\":\"manual\",\"selector\":\"#table_1\",\"responsive\":true,\"responsiveAction\":\"row\",\"editable\":false,\"inlineEditing\":false,\"infoBlock\":false,\"pagination_top\":0,\"pagination\":0,\"paginationAlign\":\"right\",\"paginationLayout\":\"full_numbers\",\"paginationLayoutMobile\":\"simple\",\"file_location\":\"\",\"tableSkin\":\"aqua\",\"table_wcag\":0,\"simple_template_id\":0,\"scrollable\":false,\"fixedLayout\":true,\"globalSearch\":false,\"showRowsPerPage\":false,\"popoverTools\":false,\"loader\":\"1\",\"showCartInformation\":1,\"hideBeforeLoad\":false,\"number_format\":1,\"decimalPlaces\":2,\"spinnerSrc\":\"https:\\\/\\\/imabrasivi.it\\\/wp-content\\\/plugins\\\/wpdatatables\\\/assets\\\/\\\/img\\\/spinner.gif\",\"index_column\":0,\"groupingEnabled\":false,\"tableWpId\":76,\"dataTableParams\":{\"sDom\":\"BT\\u003C\\u0027clear\\u0027\\u003Et\",\"bSortCellsTop\":false,\"bFilter\":true,\"aLengthMenu\":[[1,5,10,25,50,100,-1],[1,5,10,25,50,100,\"All\"]],\"iDisplayLength\":-1,\"columnDefs\":[{\"sType\":\"formatted-num\",\"wdtType\":\"int\",\"bVisible\":false,\"orderable\":true,\"searchable\":true,\"InputType\":\"text\",\"name\":\"wdt_ID\",\"origHeader\":\"wdt_ID\",\"notNull\":false,\"conditionalFormattingRules\":[],\"transformValueRules\":\"\",\"className\":\"numdata integer  column-wdt_id\",\"aTargets\":[0]},{\"sType\":\"string\",\"wdtType\":\"string\",\"bVisible\":true,\"orderable\":true,\"searchable\":true,\"InputType\":\"text\",\"name\":\"misureaxbxc\",\"origHeader\":\"misureaxbxc\",\"notNull\":false,\"conditionalFormattingRules\":[],\"transformValueRules\":\"\",\"className\":\" column-misureaxbxc\",\"aTargets\":[1]},{\"sType\":\"string\",\"wdtType\":\"string\",\"bVisible\":true,\"orderable\":true,\"searchable\":true,\"InputType\":\"text\",\"name\":\"centropiano\",\"origHeader\":\"centropiano\",\"notNull\":false,\"conditionalFormattingRules\":[],\"transformValueRules\":\"\",\"className\":\" column-centropiano\",\"aTargets\":[2]},{\"sType\":\"string\",\"wdtType\":\"string\",\"bVisible\":true,\"orderable\":true,\"searchable\":true,\"InputType\":\"text\",\"name\":\"tipoconico\",\"origHeader\":\"tipoconico\",\"notNull\":false,\"conditionalFormattingRules\":[],\"transformValueRules\":\"\",\"className\":\" column-tipoconico\",\"aTargets\":[3]},{\"sType\":\"string\",\"wdtType\":\"string\",\"bVisible\":true,\"orderable\":true,\"searchable\":true,\"InputType\":\"text\",\"name\":\"centrodepresso\",\"origHeader\":\"centrodepresso\",\"notNull\":false,\"conditionalFormattingRules\":[],\"transformValueRules\":\"\",\"className\":\" column-centrodepresso\",\"aTargets\":[4]},{\"sType\":\"string\",\"wdtType\":\"string\",\"bVisible\":true,\"orderable\":true,\"searchable\":true,\"InputType\":\"text\",\"name\":\"velocitmaxrpmms\",\"origHeader\":\"velocitmaxrpmms\",\"notNull\":false,\"conditionalFormattingRules\":[],\"transformValueRules\":\"\",\"className\":\" column-velocitmaxrpmms\",\"aTargets\":[5]},{\"sType\":\"string\",\"wdtType\":\"string\",\"bVisible\":true,\"orderable\":true,\"searchable\":true,\"InputType\":\"text\",\"name\":\"pzperconfezioni\",\"origHeader\":\"pzperconfezioni\",\"notNull\":false,\"conditionalFormattingRules\":[],\"transformValueRules\":\"\",\"className\":\" column-pzperconfezioni\",\"aTargets\":[6]}],\"bAutoWidth\":false,\"order\":[[0,\"asc\"]],\"ordering\":false,\"fixedHeader\":{\"header\":false,\"headerOffset\":0},\"fixedColumns\":false,\"oLanguage\":{\"sEmptyTable\":\"Nessun dato presente nella tabella\",\"sInfo\":\"Vista da _START_ a _END_ di _TOTAL_ elementi\",\"sInfoEmpty\":\"Vista da 0 a 0 di 0 elementi\",\"sInfoFiltered\":\"(filtrati da _MAX_ elementi totali)\",\"sInfoPostFix\":\"\",\"sInfoThousands\":\",\",\"sLengthMenu\":\"Visualizza _MENU_ elementi\",\"sLoadingRecords\":\"Caricamento...\",\"sProcessing\":\"Elaborazione...\",\"sSearch\":\"\\u003Cspan class=\\u0022wdt-search-icon\\u0022\\u003E\\u003C\\\/span\\u003E\",\"sSearchPlaceholder\":\"Tabella di ricerca\",\"sZeroRecords\":\"La ricerca non ha portato alcun risultato.\",\"oPaginate\":{\"sFirst\":\"Inizio\",\"sPrevious\":\"Precedente\",\"sNext\":\"Successivo\",\"sLast\":\"Fine\"},\"oAria\":{\"sSortAscending\":\": attiva per ordinare la colonna in ordine crescente\",\"sSortDescending\":\": attiva per ordinare la colonna in ordine decrescente\"}},\"buttons\":[{\"extend\":\"collection\",\"className\":\"DTTT_button DTTT_button_export\",\"text\":\"Export\",\"buttons\":[{\"extend\":\"pdfHtml5\",\"exportOptions\":{\"columns\":\":visible\"},\"orientation\":\"landscape\",\"pageSize\":\"A4\",\"title\":\"SATINATURA E LUCIDATURA\\u00a0\\u2013 Dischi in polifibra su supporto rigido in fibra di vetro - Acciaio \\u2013 Plastica \\u2013 Pietra \\u2013 Legno\",\"text\":\"PDF\"}]},{\"buttons\":[\"pageLength\"],\"className\":\"DTTT_button DTTT_button_spacer\",\"text\":\"Spacer\"}],\"bProcessing\":false,\"serverSide\":true,\"ajax\":{\"url\":\"https:\\\/\\\/imabrasivi.it\\\/wp-admin\\\/admin-ajax.php?action=get_wdtable&table_id=76\",\"type\":\"POST\"},\"oSearch\":{\"bSmart\":false,\"bRegex\":false,\"sSearch\":\"\"}},\"customRowDisplay\":\"\",\"tabletWidth\":\"1024\",\"mobileWidth\":\"480\",\"renderFilter\":\"footer\",\"advancedFilterEnabled\":false,\"serverSide\":true,\"autoRefreshInterval\":0,\"processing\":true,\"fnServerData\":true,\"columnsFixed\":0,\"sumFunctionsLabel\":\"\",\"avgFunctionsLabel\":\"\",\"minFunctionsLabel\":\"\",\"maxFunctionsLabel\":\"giorgio.vitale\",\"columnsDecimalPlaces\":{\"wdt_ID\":-1,\"misureaxbxc\":-1,\"centropiano\":-1,\"tipoconico\":-1,\"centrodepresso\":-1,\"velocitmaxrpmms\":-1,\"pzperconfezioni\":-1},\"columnsThousandsSeparator\":{\"wdt_ID\":0},\"sumColumns\":[],\"avgColumns\":[],\"sumAvgColumns\":[],\"timeFormat\":\"H:i\",\"datepickFormat\":\"dd\\\/mm\\\/yy\"}'\/>\n\n    <table id=\"table_1\"\n           class=\"  responsive display nowrap wdt-no-display data-t data-t wpDataTable wpDataTableID-76 \"\n           style=\"\"\n           data-described-by='table_1_desc'\n           data-wpdatatable_id=\"76\">\n        \n        <!-- Table header -->\n        \n<thead>\n<tr>\n                    <th\n                data-hide=\"phone,tablet\"        class=\"phone,tablet wdtheader sort numdata integer \"\n        style=\"\">        wdt_ID<\/th>        <th\n        data-class=\"expand\"                class=\" wdtheader sort \"\n        style=\"\">        MISURE<\/th>        <th\n                data-hide=\"phone\"        class=\"phone wdtheader sort \"\n        style=\"\">        \u00f8 FORO<\/th>        <th\n                data-hide=\"phone\"        class=\"phone wdtheader sort \"\n        style=\"\">        CODICE<\/th>        <th\n                data-hide=\"phone,tablet\"        class=\"phone,tablet wdtheader sort \"\n        style=\"\">        SP. TECNICHE<\/th>        <th\n                data-hide=\"phone,tablet\"        class=\"phone,tablet wdtheader sort \"\n        style=\"\">        VELOCIT\u00c0 MAX R.P.M.<\/th>        <th\n                data-hide=\"phone,tablet\"        class=\"phone,tablet wdtheader sort \"\n        style=\"\">        PZ. PER CONFEZIONI<\/th>    <\/tr>\n<\/thead>\n        <!-- \/Table header -->\n\n        <!-- Table body -->\n        \n<tbody>\n<!-- Table body -->\n<div data-id=\"76\"\n     class=\"wdt-timeline-item wdt-timeline-table_1\"\n     style=\"\">\n    <div class=\"wdt-table-loader\">\n        <div class=\"wdt-table-loader-row wdt-table-loader-header\">\n            <div class=\"wdt-table-loader-header-cell wdt-animated-background\"><\/div>\n            <div class=\"wdt-table-loader-header-cell wdt-animated-background\"><\/div>\n            <div class=\"wdt-table-loader-header-cell wdt-animated-background\"><\/div>\n        <\/div>\n                    <div class=\"wdt-table-loader-row\">\n                <div class=\"wdt-table-loader-cell wdt-animated-background\"><\/div>\n                <div class=\"wdt-table-loader-cell wdt-animated-background\"><\/div>\n                <div class=\"wdt-table-loader-cell wdt-animated-background\"><\/div>\n            <\/div>\n                    <div class=\"wdt-table-loader-row\">\n                <div class=\"wdt-table-loader-cell wdt-animated-background\"><\/div>\n                <div class=\"wdt-table-loader-cell wdt-animated-background\"><\/div>\n                <div class=\"wdt-table-loader-cell wdt-animated-background\"><\/div>\n            <\/div>\n                    <div class=\"wdt-table-loader-row\">\n                <div class=\"wdt-table-loader-cell wdt-animated-background\"><\/div>\n                <div class=\"wdt-table-loader-cell wdt-animated-background\"><\/div>\n                <div class=\"wdt-table-loader-cell wdt-animated-background\"><\/div>\n            <\/div>\n            <\/div>\n<\/div><!-- \/Table body -->\n                    <tr id=\"table_76_row_0\"\n            data-row-index=\"0\">\n                            <td style=\"\">1<\/td>\n                            <td style=\"\">115<\/td>\n                            <td style=\"\">22,23<\/td>\n                            <td style=\"\">DP115<\/td>\n                            <td style=\"\">FIBRA DI VETRO<\/td>\n                            <td style=\"\">12.000<\/td>\n                            <td style=\"\">10<\/td>\n                    <\/tr>\n                            <tr id=\"table_76_row_1\"\n            data-row-index=\"1\">\n                            <td style=\"\">2<\/td>\n                            <td style=\"\">125<\/td>\n                            <td style=\"\">22,23<\/td>\n                            <td style=\"\">DP125<\/td>\n                            <td style=\"\">FIBRA DI VETRO<\/td>\n                            <td style=\"\">9.500<\/td>\n                            <td style=\"\">10<\/td>\n                    <\/tr>\n            <\/tbody>        <!-- \/Table body -->\n\n        <!-- Table footer -->\n        \n        <!-- \/Table footer -->\n    <\/table>\n\n<\/div><style>\n\n#table_1 > tbody > tr > td.column-misureaxbxc { text-align: center !important; }\n#table_1 > thead > tr > th.column-misureaxbxc { text-align: center !important; }\n#table_1 > tbody > tr > td.column-centropiano { text-align: center !important; }\n#table_1 > thead > tr > th.column-centropiano { text-align: center !important; }\n#table_1 > tbody > tr > td.column-centrodepresso { text-align: center !important; }\n#table_1 > thead > tr > th.column-centrodepresso { text-align: center !important; }\n#table_1 > tbody > tr > td.column-velocitmaxrpmms { text-align: center !important; }\n#table_1 > thead > tr > th.column-velocitmaxrpmms { text-align: center !important; }\n#table_1 > tbody > tr > td.column-pzperconfezioni { text-align: center !important; }\n#table_1 > thead > tr > th.column-pzperconfezioni { text-align: center !important; }table.wpDataTable { table-layout: fixed !important; }\n<\/style>\n<style>\n                    \n                                                                                                \n                <\/style>\n<style>\n<\/style>\n<style>\n                            \n        \/* odd rows background color *\/\n    .wpdt-c.wpDataTablesWrapper table#wpdtSimpleTable-76 tr.odd td,\n    .wpdt-c .wpDataTablesWrapper table.wpDataTable.wpDataTableID-76 tr.odd td {\n        background-color: #E1E1E1 !important;\n    }\n\n                                        \n                    \n<\/style>\n<\/div>\n\t\t\t\t\t\t<\/div>\n\t\t\t\t<\/div>\n\t\t\t\t\t<\/div>\n\t\t<\/div>\n\t\t\t\t\t<\/div>\n\t\t<\/section>\n\t\t\t\t<\/div>\n\t\t","protected":false},"excerpt":{"rendered":"<p>Discos de polifibra sobre soporte r\u00edgido de fibra de vidrio.<\/p>\n<p>Disco para la eliminaci\u00f3n r\u00e1pida de \u00f3xidos y calaminas, para el satinado de superficies peque\u00f1as o grandes o para la eliminaci\u00f3n de pintura u otros materiales obstructivos como sal, \u00f3xido, grasa, aceite y ceras protectoras. Para acero inoxidable, aceros normales o especiales, aluminio, titanio, materiales no ferrosos y sus aleaciones, fibra de vidrio, pl\u00e1stico o fibra de vidrio, piedra o madera.<\/p>\n<p><iframe title=\"reproductor de v\u00eddeos de youtube\" src=\"https:\/\/www.youtube-nocookie.com\/embed\/4IMhf1fSSdY?si=_4dFhl8bIMx3DKib\" width=\"100%\" height=\"320\" frameborder=\"0\" allowfullscreen=\"allowfullscreen\"><\/iframe><\/p>","protected":false},"featured_media":1705,"template":"","meta":[],"product_brand":[],"product_cat":[62],"product_tag":[167],"class_list":{"0":"post-1703","1":"product","2":"type-product","3":"status-publish","4":"has-post-thumbnail","6":"product_cat-satinatura-e-lucidatura","7":"product_tag-satinatura-e-lucidatura","8":"pa_applicazioni-acciaio-inox","9":"pa_applicazioni-legno","10":"pa_applicazioni-pietra","11":"pa_applicazioni-plastica","12":"pa_categorie-satinatura-e-lucidatura","13":"pa_disco-disco-in-polifibra","14":"pa_macchine-smerigliatrice-angolare","15":"pa_utilizza-levigatrice","17":"first","18":"instock","19":"shipping-taxable","20":"purchasable","21":"product-type-simple"},"_links":{"self":[{"href":"https:\/\/imabrasivi.it\/es\/wp-json\/wp\/v2\/product\/1703","targetHints":{"allow":["GET"]}}],"collection":[{"href":"https:\/\/imabrasivi.it\/es\/wp-json\/wp\/v2\/product"}],"about":[{"href":"https:\/\/imabrasivi.it\/es\/wp-json\/wp\/v2\/types\/product"}],"version-history":[{"count":14,"href":"https:\/\/imabrasivi.it\/es\/wp-json\/wp\/v2\/product\/1703\/revisions"}],"predecessor-version":[{"id":4463,"href":"https:\/\/imabrasivi.it\/es\/wp-json\/wp\/v2\/product\/1703\/revisions\/4463"}],"wp:featuredmedia":[{"embeddable":true,"href":"https:\/\/imabrasivi.it\/es\/wp-json\/wp\/v2\/media\/1705"}],"wp:attachment":[{"href":"https:\/\/imabrasivi.it\/es\/wp-json\/wp\/v2\/media?parent=1703"}],"wp:term":[{"taxonomy":"product_brand","embeddable":true,"href":"https:\/\/imabrasivi.it\/es\/wp-json\/wp\/v2\/product_brand?post=1703"},{"taxonomy":"product_cat","embeddable":true,"href":"https:\/\/imabrasivi.it\/es\/wp-json\/wp\/v2\/product_cat?post=1703"},{"taxonomy":"product_tag","embeddable":true,"href":"https:\/\/imabrasivi.it\/es\/wp-json\/wp\/v2\/product_tag?post=1703"}],"curies":[{"name":"wp","href":"https:\/\/api.w.org\/{rel}","templated":true}]}}