{"id":1990,"date":"2023-07-27T09:59:34","date_gmt":"2023-07-27T07:59:34","guid":{"rendered":"https:\/\/imabrasivi.eu\/?post_type=product&#038;p=1990"},"modified":"2023-09-20T12:10:05","modified_gmt":"2023-09-20T10:10:05","slug":"diamantati-dischi-diamantati-a-settori-saldati-a-laser-per-macchine-portatili-taglio-a-secco-laser-universale","status":"publish","type":"product","link":"https:\/\/imabrasivi.it\/es\/producto\/diamantati-dischi-diamantati-a-settori-saldati-a-laser-per-macchine-portatili-taglio-a-secco-laser-universale\/","title":{"rendered":"DIAMOND \u2013 Discos diamantados sectoriales soldados por l\u00e1ser para m\u00e1quinas port\u00e1tiles de corte en seco <br>l\u00e1ser universal"},"content":{"rendered":"\t\t<div data-elementor-type=\"product-post\" data-elementor-id=\"1990\" class=\"elementor elementor-1990\" data-elementor-post-type=\"product\">\n\t\t\t\t\t\t<section class=\"elementor-section elementor-top-section elementor-element elementor-element-36edab06 elementor-section-boxed elementor-section-height-default elementor-section-height-default\" data-id=\"36edab06\" data-element_type=\"section\" data-e-type=\"section\" data-settings=\"{&quot;ekit_has_onepagescroll_dot&quot;:&quot;yes&quot;}\">\n\t\t\t\t\t\t<div class=\"elementor-container elementor-column-gap-default\">\n\t\t\t\t\t<div class=\"elementor-column elementor-col-100 elementor-top-column elementor-element elementor-element-a1ec50e\" data-id=\"a1ec50e\" data-element_type=\"column\" data-e-type=\"column\">\n\t\t\t<div class=\"elementor-widget-wrap elementor-element-populated\">\n\t\t\t\t\t\t<div class=\"elementor-element elementor-element-3ae35fca elementor-widget elementor-widget-shortcode\" data-id=\"3ae35fca\" data-element_type=\"widget\" data-e-type=\"widget\" data-settings=\"{&quot;ekit_we_effect_on&quot;:&quot;none&quot;}\" data-widget_type=\"shortcode.default\">\n\t\t\t\t<div class=\"elementor-widget-container\">\n\t\t\t\t\t\t\t<div class=\"elementor-shortcode\">\n<div class=\"wpdt-c wdt-skin-aqua\">\n    \n    <input type=\"hidden\" id=\"wdtNonceFrontendServerSide_116\" name=\"wdtNonceFrontendServerSide_116\" value=\"75c99b0ee3\" \/><input type=\"hidden\" name=\"_wp_http_referer\" value=\"\/es\/wp-json\/wp\/v2\/product\/1990\" \/>    <input type=\"hidden\" id=\"table_1_desc\"\n           value='{\"tableId\":\"table_1\",\"tableType\":\"manual\",\"selector\":\"#table_1\",\"responsive\":true,\"responsiveAction\":\"row\",\"editable\":false,\"inlineEditing\":false,\"infoBlock\":false,\"pagination_top\":0,\"pagination\":0,\"paginationAlign\":\"right\",\"paginationLayout\":\"full_numbers\",\"paginationLayoutMobile\":\"simple\",\"file_location\":\"\",\"tableSkin\":\"aqua\",\"table_wcag\":0,\"simple_template_id\":0,\"scrollable\":false,\"fixedLayout\":true,\"globalSearch\":false,\"showRowsPerPage\":false,\"popoverTools\":false,\"loader\":\"1\",\"showCartInformation\":1,\"hideBeforeLoad\":false,\"number_format\":1,\"decimalPlaces\":2,\"spinnerSrc\":\"https:\\\/\\\/imabrasivi.it\\\/wp-content\\\/plugins\\\/wpdatatables\\\/assets\\\/\\\/img\\\/spinner.gif\",\"index_column\":0,\"groupingEnabled\":false,\"tableWpId\":116,\"dataTableParams\":{\"sDom\":\"BT\\u003C\\u0027clear\\u0027\\u003Et\",\"bSortCellsTop\":false,\"bFilter\":true,\"aLengthMenu\":[[1,5,10,25,50,100,-1],[1,5,10,25,50,100,\"All\"]],\"iDisplayLength\":-1,\"columnDefs\":[{\"sType\":\"formatted-num\",\"wdtType\":\"int\",\"bVisible\":false,\"orderable\":true,\"searchable\":true,\"InputType\":\"text\",\"name\":\"wdt_ID\",\"origHeader\":\"wdt_ID\",\"notNull\":false,\"conditionalFormattingRules\":[],\"transformValueRules\":\"\",\"className\":\"numdata integer  column-wdt_id\",\"aTargets\":[0]},{\"sType\":\"string\",\"wdtType\":\"string\",\"bVisible\":true,\"orderable\":true,\"searchable\":true,\"InputType\":\"text\",\"name\":\"wdtcolumn\",\"origHeader\":\"wdtcolumn\",\"notNull\":false,\"conditionalFormattingRules\":[],\"transformValueRules\":\"\",\"className\":\" column-wdtcolumn\",\"aTargets\":[1]},{\"sType\":\"string\",\"wdtType\":\"string\",\"bVisible\":true,\"orderable\":true,\"searchable\":true,\"InputType\":\"text\",\"name\":\"foro\",\"origHeader\":\"foro\",\"notNull\":false,\"conditionalFormattingRules\":[],\"transformValueRules\":\"\",\"className\":\" column-foro\",\"aTargets\":[2]},{\"sType\":\"string\",\"wdtType\":\"string\",\"bVisible\":true,\"orderable\":true,\"searchable\":true,\"InputType\":\"text\",\"name\":\"tipoconico\",\"origHeader\":\"tipoconico\",\"notNull\":false,\"conditionalFormattingRules\":[],\"transformValueRules\":\"\",\"className\":\" column-tipoconico\",\"aTargets\":[3]},{\"sType\":\"string\",\"wdtType\":\"string\",\"bVisible\":true,\"orderable\":true,\"searchable\":true,\"InputType\":\"text\",\"name\":\"l\",\"origHeader\":\"l\",\"notNull\":false,\"conditionalFormattingRules\":[],\"transformValueRules\":\"\",\"className\":\" column-l\",\"aTargets\":[4]},{\"sType\":\"string\",\"wdtType\":\"string\",\"bVisible\":true,\"orderable\":true,\"searchable\":true,\"InputType\":\"text\",\"name\":\"velocita\",\"origHeader\":\"velocita\",\"notNull\":false,\"conditionalFormattingRules\":[],\"transformValueRules\":\"\",\"className\":\" column-velocita\",\"aTargets\":[5]},{\"sType\":\"string\",\"wdtType\":\"string\",\"bVisible\":true,\"orderable\":true,\"searchable\":true,\"InputType\":\"text\",\"name\":\"s\",\"origHeader\":\"s\",\"notNull\":false,\"conditionalFormattingRules\":[],\"transformValueRules\":\"\",\"className\":\" column-s\",\"aTargets\":[6]},{\"sType\":\"string\",\"wdtType\":\"string\",\"bVisible\":true,\"orderable\":true,\"searchable\":true,\"InputType\":\"text\",\"name\":\"settori\",\"origHeader\":\"settori\",\"notNull\":false,\"conditionalFormattingRules\":[],\"transformValueRules\":\"\",\"className\":\" column-settori\",\"aTargets\":[7]},{\"sType\":\"string\",\"wdtType\":\"string\",\"bVisible\":true,\"orderable\":true,\"searchable\":true,\"InputType\":\"text\",\"name\":\"pzperconfezioni1\",\"origHeader\":\"pzperconfezioni1\",\"notNull\":false,\"conditionalFormattingRules\":[],\"transformValueRules\":\"\",\"className\":\" column-pzperconfezioni1\",\"aTargets\":[8]}],\"bAutoWidth\":false,\"order\":[[0,\"asc\"]],\"ordering\":false,\"fixedHeader\":{\"header\":false,\"headerOffset\":0},\"fixedColumns\":false,\"oLanguage\":{\"sEmptyTable\":\"Nessun dato presente nella tabella\",\"sInfo\":\"Vista da _START_ a _END_ di _TOTAL_ elementi\",\"sInfoEmpty\":\"Vista da 0 a 0 di 0 elementi\",\"sInfoFiltered\":\"(filtrati da _MAX_ elementi totali)\",\"sInfoPostFix\":\"\",\"sInfoThousands\":\",\",\"sLengthMenu\":\"Visualizza _MENU_ elementi\",\"sLoadingRecords\":\"Caricamento...\",\"sProcessing\":\"Elaborazione...\",\"sSearch\":\"\\u003Cspan class=\\u0022wdt-search-icon\\u0022\\u003E\\u003C\\\/span\\u003E\",\"sSearchPlaceholder\":\"Tabella di ricerca\",\"sZeroRecords\":\"La ricerca non ha portato alcun risultato.\",\"oPaginate\":{\"sFirst\":\"Inizio\",\"sPrevious\":\"Precedente\",\"sNext\":\"Successivo\",\"sLast\":\"Fine\"},\"oAria\":{\"sSortAscending\":\": attiva per ordinare la colonna in ordine crescente\",\"sSortDescending\":\": attiva per ordinare la colonna in ordine decrescente\"}},\"buttons\":[{\"extend\":\"collection\",\"className\":\"DTTT_button DTTT_button_export\",\"text\":\"Export\",\"buttons\":[{\"extend\":\"pdfHtml5\",\"exportOptions\":{\"columns\":\":visible\"},\"orientation\":\"landscape\",\"pageSize\":\"A4\",\"title\":\"DIAMANTATI \\u2013 Dischi diamantati a settori saldati a laser per macchine portatili taglio a secco - Laser universale\",\"text\":\"PDF\"}]},{\"buttons\":[\"pageLength\"],\"className\":\"DTTT_button DTTT_button_spacer\",\"text\":\"Spacer\"}],\"bProcessing\":false,\"serverSide\":true,\"ajax\":{\"url\":\"https:\\\/\\\/imabrasivi.it\\\/wp-admin\\\/admin-ajax.php?action=get_wdtable&table_id=116\",\"type\":\"POST\"},\"oSearch\":{\"bSmart\":false,\"bRegex\":false,\"sSearch\":\"\"}},\"customRowDisplay\":\"\",\"tabletWidth\":\"1024\",\"mobileWidth\":\"480\",\"renderFilter\":\"footer\",\"advancedFilterEnabled\":false,\"serverSide\":true,\"autoRefreshInterval\":0,\"processing\":true,\"fnServerData\":true,\"columnsFixed\":0,\"sumFunctionsLabel\":\"\",\"avgFunctionsLabel\":\"\",\"minFunctionsLabel\":\"\",\"maxFunctionsLabel\":\"giorgio.vitale\",\"columnsDecimalPlaces\":{\"wdt_ID\":-1,\"wdtcolumn\":-1,\"foro\":-1,\"tipoconico\":-1,\"l\":-1,\"velocita\":-1,\"s\":-1,\"settori\":-1,\"pzperconfezioni1\":-1},\"columnsThousandsSeparator\":{\"wdt_ID\":0},\"sumColumns\":[],\"avgColumns\":[],\"sumAvgColumns\":[],\"timeFormat\":\"H:i\",\"datepickFormat\":\"dd\\\/mm\\\/yy\"}'\/>\n\n    <table id=\"table_1\"\n           class=\"  responsive display nowrap wdt-no-display data-t data-t wpDataTable wpDataTableID-116 \"\n           style=\"\"\n           data-described-by='table_1_desc'\n           data-wpdatatable_id=\"116\">\n        \n        <!-- Table header -->\n        \n<thead>\n<tr>\n                    <th\n                data-hide=\"phone,tablet\"        class=\"phone,tablet wdtheader sort numdata integer \"\n        style=\"\">        wdt_ID<\/th>        <th\n        data-class=\"expand\"                class=\" wdtheader sort \"\n        style=\"\">        CODICE<\/th>        <th\n                data-hide=\"phone\"        class=\"phone wdtheader sort \"\n        style=\"\">        A<\/th>        <th\n                data-hide=\"phone,tablet\"        class=\"phone,tablet wdtheader sort \"\n        style=\"\">        B<\/th>        <th\n                data-hide=\"phone,tablet\"        class=\"phone,tablet wdtheader sort \"\n        style=\"\">        L<\/th>        <th\n                data-hide=\"phone,tablet\"        class=\"phone,tablet wdtheader sort \"\n        style=\"\">        H<\/th>        <th\n                data-hide=\"phone,tablet\"        class=\"phone,tablet wdtheader sort \"\n        style=\"\">        S<\/th>        <th\n                data-hide=\"phone,tablet\"        class=\"phone,tablet wdtheader sort \"\n        style=\"\">        SETTORI<\/th>        <th\n                data-hide=\"phone,tablet\"        class=\"phone,tablet wdtheader sort \"\n        style=\"\">        PZ. PER CONFEZIONI<\/th>    <\/tr>\n<\/thead>\n        <!-- \/Table header -->\n\n        <!-- Table body -->\n        \n<tbody>\n<!-- Table body -->\n<div data-id=\"116\"\n     class=\"wdt-timeline-item wdt-timeline-table_1\"\n     style=\"\">\n    <div class=\"wdt-table-loader\">\n        <div class=\"wdt-table-loader-row wdt-table-loader-header\">\n            <div class=\"wdt-table-loader-header-cell wdt-animated-background\"><\/div>\n            <div class=\"wdt-table-loader-header-cell wdt-animated-background\"><\/div>\n            <div class=\"wdt-table-loader-header-cell wdt-animated-background\"><\/div>\n        <\/div>\n                    <div class=\"wdt-table-loader-row\">\n                <div class=\"wdt-table-loader-cell wdt-animated-background\"><\/div>\n                <div class=\"wdt-table-loader-cell wdt-animated-background\"><\/div>\n                <div class=\"wdt-table-loader-cell wdt-animated-background\"><\/div>\n            <\/div>\n                    <div class=\"wdt-table-loader-row\">\n                <div class=\"wdt-table-loader-cell wdt-animated-background\"><\/div>\n                <div class=\"wdt-table-loader-cell wdt-animated-background\"><\/div>\n                <div class=\"wdt-table-loader-cell wdt-animated-background\"><\/div>\n            <\/div>\n                    <div class=\"wdt-table-loader-row\">\n                <div class=\"wdt-table-loader-cell wdt-animated-background\"><\/div>\n                <div class=\"wdt-table-loader-cell wdt-animated-background\"><\/div>\n                <div class=\"wdt-table-loader-cell wdt-animated-background\"><\/div>\n            <\/div>\n            <\/div>\n<\/div><!-- \/Table body -->\n                    <tr id=\"table_116_row_0\"\n            data-row-index=\"0\">\n                            <td style=\"\">10<\/td>\n                            <td style=\"\">LA 115<\/td>\n                            <td style=\"\">115<\/td>\n                            <td style=\"\">22,2<\/td>\n                            <td style=\"\">35<\/td>\n                            <td style=\"\">7<\/td>\n                            <td style=\"\">2,2<\/td>\n                            <td style=\"\">9<\/td>\n                            <td style=\"\">1<\/td>\n                    <\/tr>\n                            <tr id=\"table_116_row_1\"\n            data-row-index=\"1\">\n                            <td style=\"\">11<\/td>\n                            <td style=\"\">LA 230<\/td>\n                            <td style=\"\">230<\/td>\n                            <td style=\"\">22,2<\/td>\n                            <td style=\"\">40<\/td>\n                            <td style=\"\">7<\/td>\n                            <td style=\"\">2,6<\/td>\n                            <td style=\"\">14<\/td>\n                            <td style=\"\">1<\/td>\n                    <\/tr>\n            <\/tbody>        <!-- \/Table body -->\n\n        <!-- Table footer -->\n        \n        <!-- \/Table footer -->\n    <\/table>\n\n<\/div><style>\n\n#table_1 > tbody > tr > td.column-wdtcolumn { text-align: center !important; }\n#table_1 > thead > tr > th.column-wdtcolumn { text-align: center !important; }\n#table_1 > tbody > tr > td.column-foro { text-align: center !important; }\n#table_1 > thead > tr > th.column-foro { text-align: center !important; }\n#table_1 > tbody > tr > td.column-l { text-align: center !important; }\n#table_1 > thead > tr > th.column-l { text-align: center !important; }\n#table_1 > tbody > tr > td.column-velocita { text-align: center !important; }\n#table_1 > thead > tr > th.column-velocita { text-align: center !important; }\n#table_1 > tbody > tr > td.column-s { text-align: center !important; }\n#table_1 > thead > tr > th.column-s { text-align: center !important; }\n#table_1 > tbody > tr > td.column-settori { text-align: center !important; }\n#table_1 > thead > tr > th.column-settori { text-align: center !important; }\n#table_1 > tbody > tr > td.column-pzperconfezioni1 { text-align: center !important; }\n#table_1 > thead > tr > th.column-pzperconfezioni1 { text-align: center !important; }table.wpDataTable { table-layout: fixed !important; }\n<\/style>\n<style>\n                    \n                                                                                                \n                <\/style>\n<style>\n<\/style>\n<style>\n                            \n        \/* odd rows background color *\/\n    .wpdt-c.wpDataTablesWrapper table#wpdtSimpleTable-116 tr.odd td,\n    .wpdt-c .wpDataTablesWrapper table.wpDataTable.wpDataTableID-116 tr.odd td {\n        background-color: #E1E1E1 !important;\n    }\n\n                                        \n                    \n<\/style>\n<\/div>\n\t\t\t\t\t\t<\/div>\n\t\t\t\t<\/div>\n\t\t\t\t\t<\/div>\n\t\t<\/div>\n\t\t\t\t\t<\/div>\n\t\t<\/section>\n\t\t\t\t<\/div>\n\t\t","protected":false},"excerpt":{"rendered":"<div class=\"w-sharing type_simple align_left color_default\">\n<p>Discos diamantados sectoriales soldados por l\u00e1ser para m\u00e1quinas port\u00e1tiles de corte en seco<\/p>\n<p>Herramienta universal para uso en obras de construcci\u00f3n, adecuada para cortar todos los materiales de construcci\u00f3n, caracterizada por una alta velocidad de corte.<\/p>\n<\/div>","protected":false},"featured_media":1991,"template":"","meta":[],"product_brand":[],"product_cat":[74,75],"product_tag":[171],"class_list":{"0":"post-1990","1":"product","2":"type-product","3":"status-publish","4":"has-post-thumbnail","6":"product_cat-diamantati","7":"product_cat-dischi-diamantati","8":"product_tag-diamantati","9":"pa_applicazioni-acciaio-inox","10":"pa_applicazioni-alluminio","11":"pa_applicazioni-cartongesso","12":"pa_applicazioni-ferro","13":"pa_applicazioni-ghisa","14":"pa_applicazioni-granito","15":"pa_applicazioni-legno","16":"pa_applicazioni-marmo","17":"pa_applicazioni-piastrelle","18":"pa_applicazioni-plastica","19":"pa_categorie-diamantati","20":"pa_macchine-smerigliatrice-angolare","21":"pa_utilizza-taglio-a-secco","23":"first","24":"instock","25":"shipping-taxable","26":"purchasable","27":"product-type-simple"},"_links":{"self":[{"href":"https:\/\/imabrasivi.it\/es\/wp-json\/wp\/v2\/product\/1990","targetHints":{"allow":["GET"]}}],"collection":[{"href":"https:\/\/imabrasivi.it\/es\/wp-json\/wp\/v2\/product"}],"about":[{"href":"https:\/\/imabrasivi.it\/es\/wp-json\/wp\/v2\/types\/product"}],"version-history":[{"count":4,"href":"https:\/\/imabrasivi.it\/es\/wp-json\/wp\/v2\/product\/1990\/revisions"}],"predecessor-version":[{"id":2068,"href":"https:\/\/imabrasivi.it\/es\/wp-json\/wp\/v2\/product\/1990\/revisions\/2068"}],"wp:featuredmedia":[{"embeddable":true,"href":"https:\/\/imabrasivi.it\/es\/wp-json\/wp\/v2\/media\/1991"}],"wp:attachment":[{"href":"https:\/\/imabrasivi.it\/es\/wp-json\/wp\/v2\/media?parent=1990"}],"wp:term":[{"taxonomy":"product_brand","embeddable":true,"href":"https:\/\/imabrasivi.it\/es\/wp-json\/wp\/v2\/product_brand?post=1990"},{"taxonomy":"product_cat","embeddable":true,"href":"https:\/\/imabrasivi.it\/es\/wp-json\/wp\/v2\/product_cat?post=1990"},{"taxonomy":"product_tag","embeddable":true,"href":"https:\/\/imabrasivi.it\/es\/wp-json\/wp\/v2\/product_tag?post=1990"}],"curies":[{"name":"wp","href":"https:\/\/api.w.org\/{rel}","templated":true}]}}